{"id":10,"date":"2017-07-21T08:29:21","date_gmt":"2017-07-21T08:29:21","guid":{"rendered":"http:\/\/pcowloszczowa.pl\/?page_id=10"},"modified":"2025-11-17T11:04:56","modified_gmt":"2025-11-17T11:04:56","slug":"kontakt","status":"publish","type":"page","link":"https:\/\/pcowloszczowa.pl\/?page_id=10","title":{"rendered":"Kontakt"},"content":{"rendered":"<h3 style=\"text-align: center;\">Powiatowe Centrum O\u015bwiaty we W\u0142oszczowie<br \/>\nul. Wi\u015bniowa 10<br \/>\n29-100 W\u0142oszczowa<br \/>\nTel. 41 39 45 596 <strong><br \/>\n<\/strong><\/h3>\n<p><strong>E-Dor\u0119czenia: AE:PL-40596-84359-DBWHS-28<\/strong><\/p>\n<p>e-PUAP:\u00a0<span id=\"templatePanel\"><span id=\"docMode\"><span id=\"sendersRecipients\"><span id=\"recipientsGateAdress\">\/PcoWloszczowa\/SkrytkaESP<\/span><\/span><\/span><\/span><\/p>\n<p>Godziny pracy:<br \/>\nod poniedzia\u0142ku do pi\u0105tku 07:30 \u2013 15:30<\/p>\n","protected":false},"excerpt":{"rendered":"<p>Powiatowe Centrum O\u015bwiaty we W\u0142oszczowie ul. Wi\u015bniowa 10 29-100 W\u0142oszczowa Tel. 41 39 45 596 E-Dor\u0119czenia: AE:PL-40596-84359-DBWHS-28 e-PUAP:\u00a0\/PcoWloszczowa\/SkrytkaESP Godziny pracy: od poniedzia\u0142ku do pi\u0105tku 07:30 \u2013 15:30<\/p>\n","protected":false},"author":1,"featured_media":0,"parent":0,"menu_order":0,"comment_status":"closed","ping_status":"closed","template":"","meta":[],"_links":{"self":[{"href":"https:\/\/pcowloszczowa.pl\/index.php?rest_route=\/wp\/v2\/pages\/10"}],"collection":[{"href":"https:\/\/pcowloszczowa.pl\/index.php?rest_route=\/wp\/v2\/pages"}],"about":[{"href":"https:\/\/pcowloszczowa.pl\/index.php?rest_route=\/wp\/v2\/types\/page"}],"author":[{"embeddable":true,"href":"https:\/\/pcowloszczowa.pl\/index.php?rest_route=\/wp\/v2\/users\/1"}],"replies":[{"embeddable":true,"href":"https:\/\/pcowloszczowa.pl\/index.php?rest_route=%2Fwp%2Fv2%2Fcomments&post=10"}],"version-history":[{"count":8,"href":"https:\/\/pcowloszczowa.pl\/index.php?rest_route=\/wp\/v2\/pages\/10\/revisions"}],"predecessor-version":[{"id":448,"href":"https:\/\/pcowloszczowa.pl\/index.php?rest_route=\/wp\/v2\/pages\/10\/revisions\/448"}],"wp:attachment":[{"href":"https:\/\/pcowloszczowa.pl\/index.php?rest_route=%2Fwp%2Fv2%2Fmedia&parent=10"}],"curies":[{"name":"wp","href":"https:\/\/api.w.org\/{rel}","templated":true}]}}