{"id":259,"date":"2020-09-21T10:39:48","date_gmt":"2020-09-21T10:39:48","guid":{"rendered":"http:\/\/pcowloszczowa.pl\/?page_id=259"},"modified":"2026-04-13T12:11:44","modified_gmt":"2026-04-13T12:11:44","slug":"deklaracja-dostepnosci","status":"publish","type":"page","link":"https:\/\/pcowloszczowa.pl\/?page_id=259","title":{"rendered":"Deklaracja dost\u0119pno\u015bci"},"content":{"rendered":"<h1>Deklaracja dost\u0119pno\u015bci<\/h1>\n<section id=\"a11y-wstep\"><span id=\"a11y-podmiot\">Powiatowe Centrum O\u015bwiaty we W\u0142oszczowie<\/span> zobowi\u0105zuje si\u0119 zapewni\u0107 dost\u0119pno\u015b\u0107 swojej <span id=\"a11y-zakres\">strony internetowej<\/span>zgodnie z ustaw\u0105 z dnia 4 kwietnia 2019 r. o dost\u0119pno\u015bci cyfrowej stron internetowych i aplikacji mobilnych podmiot\u00f3w publicznych.\n<p>\u00a0<\/p>\n<p>Deklaracja dost\u0119pno\u015bci dotyczy strony <a id=\"a11y-url\" href=\"https:\/\/pcowloszczowa.pl\/\" target=\"_blank\" rel=\"noopener\">https:\/\/pcowloszczowa.pl\/<\/a>.<\/p>\n<\/section>\n<section>\n<ul>\n<li>Data publikacji strony internetowej: <time id=\"a11y-data-publikacja\" datetime=\"2018-07-17\">17 lipca 2018 r.<\/time><\/li>\n<li>Data ostatniej istotnej aktualizacji: <time id=\"a11y-data-aktualizacja\" datetime=\"2020-06-23\">18 wrze\u015bnia 2020 r.<\/time><\/li>\n<\/ul>\n<\/section>\n<section>\n<h2>Stan dost\u0119pno\u015bci cyfrowej<\/h2>\n<p id=\"a11y-status\">Ta strona internetowa jest cz\u0119\u015bciowo zgodna z za\u0142\u0105cznikiem do ustawy o dost\u0119pno\u015bci cyfrowej z dnia 4 kwietnia 2019 r. o dost\u0119pno\u015bci cyfrowej stron internetowych i aplikacji mobilnych podmiot\u00f3w publicznych z powodu [niezgodno\u015bci i wy\u0142\u0105cze\u0144] wymienionych poni\u017cej.<\/p>\n<\/section>\n<section>\n<h2>Niedost\u0119pne tre\u015bci<\/h2>\n<section>\n<h3>Niezgodno\u015b\u0107 z za\u0142\u0105cznikiem<\/h3>\n<ul>\n<li>Pliki PDF, DOC itp. &#8211; redaktorzy staraj\u0105 si\u0119 ograniczy\u0107 do minimum korzystanie z takich plik\u00f3w i osadza\u0107 teksty bezpo\u015brednio w serwisie. Odr\u0119bn\u0105 kwesti\u0105 jest poprawne formatowanie plik\u00f3w tak, by by\u0142y one dost\u0119pne (np. powinny posiada\u0107 struktur\u0119 znacznik\u00f3w, czyli tagowanie).<br \/>Serwis zawiera dokumenty PDF, kt\u00f3re powsta\u0142y na podstawie \u017ale przygotowanych dokument\u00f3w word (nie ma w nich dobrze zaznaczonej logicznej struktury) &#8211; lub s\u0105 skanami dokument\u00f3w. W miar\u0119 mo\u017cliwo\u015bci b\u0119dziemy to poprawia\u0107, oraz dok\u0142ada\u0107 stara\u0144 by nowe dokumenty przygotowywane by\u0142y poprawnie.<br \/>Nieczytelne przez czytniki ekranu dokumenty PDF u\u017cytkownicy mog\u0105 rozpozna\u0107 narz\u0119dziem OCR.<br \/>Cz\u0119\u015b\u0107 z opublikowanych zdj\u0119\u0107 nie posiada opisu alternatywnego, maj\u0105 one charakter promocyjny i nie s\u0105 wykorzystywane do realizacji bie\u017c\u0105cych zada\u0144.<\/li>\n<\/ul>\n<\/section>\n<\/section>\n<section>\n<h2>Przygotowanie deklaracji dost\u0119pno\u015bci<\/h2>\n<ul>\n<li>Data sporz\u0105dzenia deklaracji: <time id=\"a11y-data-sporzadzenie\" datetime=\"2020-09-18\">18 wrze\u015bnia 2020 r.<\/time><\/li>\n<li>Data ostatniego przegl\u0105du deklaracji: 24<time id=\"a11y-data-przeglad\" datetime=\"2025-03-05\"> marca 2026 r.<\/time><\/li>\n<\/ul>\n<p>Deklaracj\u0119 sporz\u0105dzili\u015bmy na podstawie samooceny w oparciu o <a href=\"https:\/\/www.gov.pl\/attachment\/1a3e2bb5-6d60-4897-ac2f-07a8e91e70ed\">List\u0119 kontroln\u0105 do badania dost\u0119pno\u015bci cyfrowej strony internetowej v. 2.2 (docx, 0,12MB)<\/a>.<\/p>\n<\/section>\n<section>\n<h2>Informacje zwrotne i dane kontaktowe<\/h2>\n<p>Wszystkie problemy z dost\u0119pno\u015bci\u0105 cyfrow\u0105 tej strony internetowej mo\u017cesz zg\u0142osi\u0107 do <span id=\"a11y-kontakt\">Pawe\u0142 Tulej<\/span>&#8211; mejlowo <a id=\"a11y-email\" href=\"mailto:informatyk@pcowloszczowa.pl\">informatyk@pcowloszczowa.pl<\/a>lub telefonicznie <a id=\"a11y-telefon\" href=\"tel:+48413866742\">+48413866742<\/a>.<\/p>\n<p>Ka\u017cdy ma prawo wyst\u0105pi\u0107 z \u017c\u0105daniem zapewnienia dost\u0119pno\u015bci cyfrowej tej strony internetowej lub jej element\u00f3w.<\/p>\n<p>Zg\u0142aszaj\u0105c takie \u017c\u0105danie podaj:<\/p>\n<ul>\n<li>swoje imi\u0119 i nazwisko,<\/li>\n<li>swoje dane kontaktowe (np. numer telefonu, e-mail),<\/li>\n<li>dok\u0142adny adres strony internetowej, na kt\u00f3rej jest niedost\u0119pny cyfrowo element lub tre\u015b\u0107,<\/li>\n<li>opis na czym polega problem i jaki spos\u00f3b jego rozwi\u0105zania by\u0142by dla Ciebie najwygodniejszy.<\/li>\n<\/ul>\n<p>Na Twoje zg\u0142oszenie odpowiemy najszybciej jak to mo\u017cliwe, nie p\u00f3\u017aniej ni\u017c w ci\u0105gu 7 dni od jego otrzymania.<\/p>\n<p>Je\u017celi ten termin b\u0119dzie dla nas zbyt kr\u00f3tki poinformujemy Ci\u0119 o tym. W tej informacji podamy nowy termin, do kt\u00f3rego poprawimy zg\u0142oszone przez Ciebie b\u0142\u0119dy lub przygotujemy informacje w alternatywny spos\u00f3b. Ten nowy termin nie b\u0119dzie d\u0142u\u017cszy ni\u017c 2 miesi\u0105ce.<\/p>\n<p>Je\u017celi nie b\u0119dziemy w stanie zapewni\u0107 dost\u0119pno\u015bci cyfrowej strony internetowej lub tre\u015bci, wskazanej w Twoim \u017c\u0105daniu, zaproponujemy Ci dost\u0119p do nich w alternatywny spos\u00f3b.<\/p>\n<\/section>\n<section id=\"a11y-procedura\">\n<h2>Obs\u0142uga wniosk\u00f3w i skarg zwi\u0105zanych z dost\u0119pno\u015bci\u0105<\/h2>\n<p>Je\u017celi w odpowiedzi na Tw\u00f3j wniosek o zapewnienie dost\u0119pno\u015bci cyfrowej, odm\u00f3wimy zapewnienia \u017c\u0105danej przez Ciebie dost\u0119pno\u015bci cyfrowej, a Ty nie zgadzasz si\u0119 z t\u0105 odmow\u0105, masz prawo z\u0142o\u017cy\u0107 skarg\u0119.<\/p>\n<p>Skarg\u0119 masz prawo z\u0142o\u017cy\u0107 tak\u017ce, je\u015bli nie zgadzasz si\u0119 na skorzystanie z alternatywnego sposobu dost\u0119pu, kt\u00f3ry zaproponowali\u015bmy Ci w odpowiedzi na Tw\u00f3j wniosek o zapewnienie dost\u0119pno\u015bci cyfrowej.<\/p>\n<p>Ewentualn\u0105 skarg\u0119 z\u0142\u00f3\u017c listownie lub mailem do kierownictwa naszego urz\u0119du:<\/p>\n<ul>\n<li><span id=\"a11y-procedura-kierownik\">Olga Gola\u0144ska &#8211; Dyrektor<\/span>,<\/li>\n<li>Adres: <span id=\"a11y-procedura-adres\">ul. Wi\u015bniowa 10 29-100 W\u0142oszczowa<\/span>,<\/li>\n<li>mejl: <a id=\"a11y-procedura-email\" href=\"mailto:dyrektort@pcowloszczowa.pl\">dyrektort@pcowloszczowa.pl<\/a>.<\/li>\n<\/ul>\n<p><a href=\"https:\/\/www.gov.pl\/web\/gov\/zloz-wniosek-o-zapewnienie-dostepnosci-cyfrowej-strony-internetowej-lub-aplikacji-mobilnej\">Pomocne mog\u0105 by\u0107 informacje, kt\u00f3re mo\u017cna znale\u017a\u0107 na rz\u0105dowym portalu gov.pl<\/a>.<\/p>\n<p>Mo\u017cesz tak\u017ce poinformowa\u0107 o tej sytuacji <a href=\"https:\/\/bip.brpo.gov.pl\/\">Rzecznika Praw Obywatelskich<\/a>i poprosi\u0107 o interwencj\u0119 w Twojej sprawie.<\/p>\n<\/section>\n<section>\n<h2>Pozosta\u0142e informacje<\/h2>\n<section id=\"a11y-architektura\">\n<h3>Dost\u0119pno\u015b\u0107 architektoniczna<\/h3>\n<section>\n<h4>Powiatowe Centrum O\u015bwiaty we W\u0142oszczowie<\/h4>\n<address class=\"mb-0\">\n<div>ul. Wi\u015bniowa 10<\/div>\n<div>29-100 W\u0142oszczowa<\/div>\n<\/address>\n<section>\n<h5>Parking<\/h5>\n<ul>\n<li>Mo\u017cesz skorzysta\u0107 z miejsca parkingowego. Na parkingu wyznaczyli\u015bmy 3 miejsc przeznaczonych dla os\u00f3b niepe\u0142nosprawnych. Pami\u0119taj o zabraniu karty parkingowej i umieszczeniu jej za szyb\u0105.<\/li>\n<li>Miejsca parkingowe s\u0105 pomalowane na niebiesko i prawid\u0142owo oznakowane.<\/li>\n<li>Parking jest bezp\u0142atny.<\/li>\n<\/ul>\n<\/section>\n<section>\n<h5>Pies asystuj\u0105cy<\/h5>\n<ul>\n<li>Mo\u017cesz przyj\u015b\u0107 z psem asystuj\u0105cym lub psem przewodnikiem. Pami\u0119taj o certyfikacie psa asystuj\u0105cego i za\u015bwiadczeniu o szczepieniu.<\/li>\n<\/ul>\n<\/section>\n<section>\n<h5>Wej\u015bcie do budynku<\/h5>\n<ul>\n<li>\n<div>Wej\u015bcie g\u0142\u00f3wne do budynku urz\u0119du znajduje si\u0119 od strony ul. Wi\u015bniowej.<\/div>\n<\/li>\n<li>Do wej\u015bcia prowadz\u0105 schody.<\/li>\n<li>Drzwi otwieraj\u0105 si\u0119 automatycznie.<\/li>\n<\/ul>\n<\/section>\n<section>\n<h5>Ci\u0105gi pionowe<\/h5>\n<ul>\n<li>Na inne kondygnacje mo\u017cesz si\u0119 dosta\u0107 za pomoc\u0105 schod\u00f3w<\/li>\n<li>Mo\u017cesz skorzysta\u0107 z windy.<\/li>\n<\/ul>\n<section>\n<h6>Schody<\/h6>\n<ul>\n<li>Przy schodach znajduje si\u0119 por\u0119cz wzd\u0142u\u017c ca\u0142ego ci\u0105gu.<\/li>\n<\/ul>\n<\/section>\n<section>\n<h6>Winda<\/h6>\n<ul>\n<li>Drzwi windy otwieraj\u0105 si\u0119 automatycznie<\/li>\n<li>Winda znajduje si\u0119 poza budynkiem<\/li>\n<li>Przyciski steruj\u0105ce maj\u0105 du\u017ce oznaczenia.<\/li>\n<\/ul>\n<\/section>\n<\/section>\n<section>\n<h5>\u0141azienka<\/h5>\n<ul>\n<li>W budynku jest toaleta dost\u0119pna dla os\u00f3b z niepe\u0142nosprawno\u015bci\u0105.<\/li>\n<\/ul>\n<\/section>\n<\/section>\n<\/section>\n<section id=\"a11y-komunikacja\">\n<h3>Dost\u0119pno\u015b\u0107 komunikacyjno-informacyjna<\/h3>\n<ul>\n<li>Jak wnioskowa\u0107 o t\u0142umacza polskiego j\u0119zyka migowego: BRAK<\/li>\n<li>Deklaracja dost\u0119pno\u015bci zosta\u0142a przygotowana w <a href=\"https:\/\/deklaracja-dostepnosci.info\/generator\">Generatorze Deklaracji Dost\u0119pno\u015bci.<\/a>.<\/li>\n<\/ul>\n<\/section>\n<\/section>\n\n\n<a href=\"http:\/\/pcowloszczowa.pl\/wp-content\/uploads\/2025\/03\/Raport-o-stanie-zapewniania-dostepnosci-podmiotu-publicznego-1.pdf\">raport o stanie zapewnienia dost\u0119pno\u015bci podmiotu<\/a>\n\n\n","protected":false},"excerpt":{"rendered":"<p>Deklaracja dost\u0119pno\u015bci Powiatowe Centrum O\u015bwiaty we W\u0142oszczowie zobowi\u0105zuje si\u0119 zapewni\u0107 dost\u0119pno\u015b\u0107 swojej strony internetowejzgodnie z ustaw\u0105 z dnia 4 kwietnia 2019 r. o dost\u0119pno\u015bci cyfrowej stron internetowych i aplikacji mobilnych podmiot\u00f3w publicznych. \u00a0 Deklaracja dost\u0119pno\u015bci dotyczy strony https:\/\/pcowloszczowa.pl\/. Data publikacji strony internetowej: 17 lipca 2018 r. Data ostatniej istotnej aktualizacji: 18 wrze\u015bnia 2020 r. Stan&hellip; <span class=\"kuorinka-read-more\"><a href=\"https:\/\/pcowloszczowa.pl\/?page_id=259\" class=\"more-link\">Czytaj dalej <span class=\"screen-reader-text\">Deklaracja dost\u0119pno\u015bci<\/span><\/a><\/span><\/p>\n","protected":false},"author":1,"featured_media":0,"parent":0,"menu_order":0,"comment_status":"closed","ping_status":"closed","template":"","meta":[],"_links":{"self":[{"href":"https:\/\/pcowloszczowa.pl\/index.php?rest_route=\/wp\/v2\/pages\/259"}],"collection":[{"href":"https:\/\/pcowloszczowa.pl\/index.php?rest_route=\/wp\/v2\/pages"}],"about":[{"href":"https:\/\/pcowloszczowa.pl\/index.php?rest_route=\/wp\/v2\/types\/page"}],"author":[{"embeddable":true,"href":"https:\/\/pcowloszczowa.pl\/index.php?rest_route=\/wp\/v2\/users\/1"}],"replies":[{"embeddable":true,"href":"https:\/\/pcowloszczowa.pl\/index.php?rest_route=%2Fwp%2Fv2%2Fcomments&post=259"}],"version-history":[{"count":18,"href":"https:\/\/pcowloszczowa.pl\/index.php?rest_route=\/wp\/v2\/pages\/259\/revisions"}],"predecessor-version":[{"id":454,"href":"https:\/\/pcowloszczowa.pl\/index.php?rest_route=\/wp\/v2\/pages\/259\/revisions\/454"}],"wp:attachment":[{"href":"https:\/\/pcowloszczowa.pl\/index.php?rest_route=%2Fwp%2Fv2%2Fmedia&parent=259"}],"curies":[{"name":"wp","href":"https:\/\/api.w.org\/{rel}","templated":true}]}}