{"id":42,"date":"2018-02-21T10:22:58","date_gmt":"2018-02-21T10:22:58","guid":{"rendered":"http:\/\/pcowloszczowa.pl\/?page_id=42"},"modified":"2018-02-22T07:27:13","modified_gmt":"2018-02-22T07:27:13","slug":"ogloszenia-2","status":"publish","type":"page","link":"https:\/\/pcowloszczowa.pl\/?page_id=42","title":{"rendered":"Komunikaty i og\u0142oszenia"},"content":{"rendered":"<p>Zesp\u00f3\u0142 Szk\u00f3\u0142 Ponadgimnazjalnych nr 3 im Staszica we W\u0142oszczowie sk\u0142ada zam\u00f3wienie na us\u0142ug\u0119 spo\u0142eczn\u0105 \u015bwiadczenie us\u0142ugi hotelowej na potrzeby wyjazd\u00f3w zagranicznych organizowanych w ramach mobilno\u015bci edukacyjnych<\/p>\n<p><a href=\"http:\/\/pcowloszczowa.pl\/wp-content\/uploads\/2018\/02\/og\u0142oszenie-o-zam\u00f3wienie-na-us\u0142ug\u0119-spo\u0142\u0119czn\u0105.pdf\">Og\u0142oszenie o zam\u00f3wieniu na us\u0142ug\u0119 spo\u0142eczn\u0105<\/a><\/p>\n<p><a href=\"http:\/\/pcowloszczowa.pl\/wp-content\/uploads\/2018\/02\/Istotne-warunki-zam\u00f3wienia-za\u0142\u0105cznik-nr-1.pdf\">Istotne warunki zam\u00f3wienia za\u0142\u0105cznik nr 1<\/a><\/p>\n<p><a href=\"http:\/\/pcowloszczowa.pl\/wp-content\/uploads\/2018\/02\/Za\u0142\u0105cznik-nr-1-do-IWZ-Opis-Przedmiotu-Zam\u00f3wienia.pdf\">Za\u0142\u0105cznik nr 1 do IWZ &#8211; Opis Przedmiotu Zam\u00f3wienia<\/a><\/p>\n<p><a href=\"http:\/\/pcowloszczowa.pl\/wp-content\/uploads\/2018\/02\/Za\u0142\u0105cznik-nr-2-do-IWZ-Formularz-Ofertowy.pdf\">Za\u0142\u0105cznik nr 2 do IWZ &#8211; Formularz Ofertowy<\/a><\/p>\n<p><a href=\"http:\/\/pcowloszczowa.pl\/wp-content\/uploads\/2018\/02\/Za\u0142\u0105cznik-nr-3-do-IWZ-Do\u015bwiadczenie-wykaz-us\u0142ug.pdf\">Za\u0142\u0105cznik nr 3 do IWZ &#8211; Do\u015bwiadczenie-wykaz us\u0142ug<\/a><\/p>\n<p><a href=\"http:\/\/pcowloszczowa.pl\/wp-content\/uploads\/2018\/02\/Za\u0142\u0105cznik-nr-4-do-IWZ-Wz\u00f3r-Umowy.pdf\">Za\u0142\u0105cznik nr 4 do IWZ &#8211; Wz\u00f3r Umowy<\/a><\/p>\n<p><a href=\"http:\/\/pcowloszczowa.pl\/wp-content\/uploads\/2018\/02\/Za\u0142\u0105cznik-nr-5-do-IWZ-Propozycja-menu.pdf\">Za\u0142\u0105cznik nr 5 do IWZ &#8211; Propozycja menu<\/a><\/p>\n<p><a href=\"http:\/\/pcowloszczowa.pl\/wp-content\/uploads\/2018\/02\/Za\u0142\u0105cznik-nr-6A-do-IWZ-O\u015bwiadczenie-wykonawcy.pdf\">Za\u0142\u0105cznik nr 6A do IWZ-O\u015bwiadczenie wykonawcy<\/a><\/p>\n<p><a href=\"http:\/\/pcowloszczowa.pl\/wp-content\/uploads\/2018\/02\/Za\u0142\u0105cznik-nr-6B-do-IWZ-O\u015bwiadczenie-wykonawcy.pdf\">Za\u0142\u0105cznik nr 6B do IWZ-O\u015bwiadczenie wykonawcy<\/a><\/p>\n<p><a href=\"http:\/\/pcowloszczowa.pl\/wp-content\/uploads\/2018\/02\/Za\u0142\u0105cznik-nr-6C-do-IWZ-O\u015bwiadczenie-brak-powi\u0105za\u0144.pdf\">Za\u0142\u0105cznik nr 6C do IWZ-O\u015bwiadczenie brak powi\u0105za\u0144<\/a><\/p>\n","protected":false},"excerpt":{"rendered":"<p>Zesp\u00f3\u0142 Szk\u00f3\u0142 Ponadgimnazjalnych nr 3 im Staszica we W\u0142oszczowie sk\u0142ada zam\u00f3wienie na us\u0142ug\u0119 spo\u0142eczn\u0105 \u015bwiadczenie us\u0142ugi hotelowej na potrzeby wyjazd\u00f3w zagranicznych organizowanych w ramach mobilno\u015bci edukacyjnych Og\u0142oszenie o zam\u00f3wieniu na us\u0142ug\u0119 spo\u0142eczn\u0105 Istotne warunki zam\u00f3wienia za\u0142\u0105cznik nr 1 Za\u0142\u0105cznik nr 1 do IWZ &#8211; Opis Przedmiotu Zam\u00f3wienia Za\u0142\u0105cznik nr 2 do IWZ &#8211; Formularz Ofertowy&hellip; <span class=\"kuorinka-read-more\"><a href=\"https:\/\/pcowloszczowa.pl\/?page_id=42\" class=\"more-link\">Czytaj dalej <span class=\"screen-reader-text\">Komunikaty i og\u0142oszenia<\/span><\/a><\/span><\/p>\n","protected":false},"author":1,"featured_media":0,"parent":0,"menu_order":0,"comment_status":"closed","ping_status":"closed","template":"","meta":[],"_links":{"self":[{"href":"https:\/\/pcowloszczowa.pl\/index.php?rest_route=\/wp\/v2\/pages\/42"}],"collection":[{"href":"https:\/\/pcowloszczowa.pl\/index.php?rest_route=\/wp\/v2\/pages"}],"about":[{"href":"https:\/\/pcowloszczowa.pl\/index.php?rest_route=\/wp\/v2\/types\/page"}],"author":[{"embeddable":true,"href":"https:\/\/pcowloszczowa.pl\/index.php?rest_route=\/wp\/v2\/users\/1"}],"replies":[{"embeddable":true,"href":"https:\/\/pcowloszczowa.pl\/index.php?rest_route=%2Fwp%2Fv2%2Fcomments&post=42"}],"version-history":[{"count":2,"href":"https:\/\/pcowloszczowa.pl\/index.php?rest_route=\/wp\/v2\/pages\/42\/revisions"}],"predecessor-version":[{"id":45,"href":"https:\/\/pcowloszczowa.pl\/index.php?rest_route=\/wp\/v2\/pages\/42\/revisions\/45"}],"wp:attachment":[{"href":"https:\/\/pcowloszczowa.pl\/index.php?rest_route=%2Fwp%2Fv2%2Fmedia&parent=42"}],"curies":[{"name":"wp","href":"https:\/\/api.w.org\/{rel}","templated":true}]}}